{"id":409,"date":"2010-10-08T11:15:14","date_gmt":"2010-10-08T15:15:14","guid":{"rendered":"http:\/\/demo.themify.me\/bizco"},"modified":"2015-01-28T10:36:00","modified_gmt":"2015-01-28T09:36:00","slug":"layouts","status":"publish","type":"page","link":"https:\/\/lamagicbox.com\/magazine\/layouts\/","title":{"rendered":"CHRONIQUES"},"content":{"rendered":"<!--themify_builder_content-->\n<div id=\"themify_builder_content-409\" data-postid=\"409\" class=\"themify_builder_content themify_builder_content-409 themify_builder tf_clear\">\n    \t\t\t\t<!-- module_row -->\n\t\t<div  data-lazy=\"1\" class=\"module_row themify_builder_row tb_2o8d900 tb_first tf_w tf_clearfix\">\n\t\t\t\t\t<div class=\"row_inner col_align_top tb_col_count_1 tf_box tf_rel\">\n\t\t\t\t\t<div  data-lazy=\"1\" class=\"module_column tb-column col-full   tb_ww0c700 first\">\n\t\t\t\t\t\t\t\t\t<div class=\"tb-column-inner tf_box tf_w\">\n\t\t\t\t<!-- module post -->\n<div  class=\"module module-post tb_sd9v020 \">\n        <div  class=\"builder-posts-wrap loops-wrapper grid4 tf_clear tf_clearfix\" data-lazy=\"1\">\n\t\n<div id=\"post-45740\" class=\"post tf_clearfix cat-43 post-45740 type-post status-publish format-standard has-post-thumbnail hentry category-autoproductions no-post-title no-post-date has-post-category has-post-tag has-post-comment has-post-author \">\n\t\n\t\t\t\t<figure class=\"post-image tf_clearfix\">\n\t\t\t    \t\t\t\t\t\t\t\t<a href=\"https:\/\/lamagicbox.com\/magazine\/am-i-one-something-ep\/\">\n\t\t\t\t\t\t\t\t<img loading=\"lazy\" decoding=\"async\" src=\"https:\/\/lamagicbox.com\/magazine\/wp-content\/uploads\/2026\/04\/amione-2026-150x150.jpg\" width=\"150\" height=\"150\" class=\"wp-post-image wp-image-45741\" title=\"amione-2026\" alt=\"Am I One\" srcset=\"https:\/\/lamagicbox.com\/magazine\/wp-content\/uploads\/2026\/04\/amione-2026.jpg 150w, https:\/\/lamagicbox.com\/magazine\/wp-content\/uploads\/2026\/04\/amione-2026-100x100.jpg 100w, https:\/\/lamagicbox.com\/magazine\/wp-content\/uploads\/2026\/04\/amione-2026-120x120.jpg 120w\" sizes=\"auto, (max-width: 150px) 100vw, 150px\" \/>\t\t\t\t\t\t\t\t    \t\t\t\t<\/a>\n\t\t\t\t\t\t\t    \t\t\t<\/figure>\n\t\t\t\n\t<div class=\"post-content\">\n\t\t\n\t\t\t\n\t\t\t<div class=\"entry-content\">\n\n        \n\t<\/div><!-- \/.entry-content -->\n\t\n\t\t\n\n\t<\/div>\n\t<!-- \/.post-content -->\n\n    <\/div>\n<!--\/post -->\n\n<div id=\"post-45677\" class=\"post tf_clearfix cat-39 cat-43 post-45677 type-post status-publish format-standard has-post-thumbnail hentry category-albums-francais category-autoproductions tag-chanson tag-faf-larage tag-pop tag-rap tag-rock tag-wyll no-post-title no-post-date has-post-category has-post-tag has-post-comment has-post-author \">\n\t\n\t\t\t\t<figure class=\"post-image tf_clearfix\">\n\t\t\t    \t\t\t\t\t\t\t\t<a href=\"https:\/\/lamagicbox.com\/magazine\/wyll-jvoudrais-juste\/\">\n\t\t\t\t\t\t\t\t<img loading=\"lazy\" decoding=\"async\" src=\"https:\/\/lamagicbox.com\/magazine\/wp-content\/uploads\/2026\/04\/wyll-2026-150x150.png\" width=\"150\" height=\"150\" class=\"wp-post-image wp-image-45678\" title=\"wyll-2026\" alt=\"Wyll\" srcset=\"https:\/\/lamagicbox.com\/magazine\/wp-content\/uploads\/2026\/04\/wyll-2026.png 150w, https:\/\/lamagicbox.com\/magazine\/wp-content\/uploads\/2026\/04\/wyll-2026-100x100.png 100w, https:\/\/lamagicbox.com\/magazine\/wp-content\/uploads\/2026\/04\/wyll-2026-120x120.png 120w\" sizes=\"auto, (max-width: 150px) 100vw, 150px\" \/>\t\t\t\t\t\t\t\t    \t\t\t\t<\/a>\n\t\t\t\t\t\t\t    \t\t\t<\/figure>\n\t\t\t\n\t<div class=\"post-content\">\n\t\t\n\t\t\t\n\t\t\t<div class=\"entry-content\">\n\n        \n\t<\/div><!-- \/.entry-content -->\n\t\n\t\t\n\n\t<\/div>\n\t<!-- \/.post-content -->\n\n    <\/div>\n<!--\/post -->\n\n<div id=\"post-45541\" class=\"post tf_clearfix cat-39 post-45541 type-post status-publish format-standard has-post-thumbnail hentry category-albums-francais tag-lorraine tag-nancy tag-orwell tag-pop no-post-title no-post-date has-post-category has-post-tag has-post-comment has-post-author \">\n\t\n\t\t\t\t<figure class=\"post-image tf_clearfix\">\n\t\t\t    \t\t\t\t\t\t\t\t<a href=\"https:\/\/lamagicbox.com\/magazine\/orwell-composite\/\">\n\t\t\t\t\t\t\t\t<img loading=\"lazy\" decoding=\"async\" src=\"https:\/\/lamagicbox.com\/magazine\/wp-content\/uploads\/2026\/04\/orwell-2026-150x150.jpg\" width=\"150\" height=\"150\" class=\"wp-post-image wp-image-45543\" title=\"orwell-2026\" alt=\"orwell-2026\" srcset=\"https:\/\/lamagicbox.com\/magazine\/wp-content\/uploads\/2026\/04\/orwell-2026.jpg 150w, https:\/\/lamagicbox.com\/magazine\/wp-content\/uploads\/2026\/04\/orwell-2026-100x100.jpg 100w, https:\/\/lamagicbox.com\/magazine\/wp-content\/uploads\/2026\/04\/orwell-2026-120x120.jpg 120w\" sizes=\"auto, (max-width: 150px) 100vw, 150px\" \/>\t\t\t\t\t\t\t\t    \t\t\t\t<\/a>\n\t\t\t\t\t\t\t    \t\t\t<\/figure>\n\t\t\t\n\t<div class=\"post-content\">\n\t\t\n\t\t\t\n\t\t\t<div class=\"entry-content\">\n\n        \n\t<\/div><!-- \/.entry-content -->\n\t\n\t\t\n\n\t<\/div>\n\t<!-- \/.post-content -->\n\n    <\/div>\n<!--\/post -->\n\n<div id=\"post-45526\" class=\"post tf_clearfix cat-39 post-45526 type-post status-publish format-standard has-post-thumbnail hentry category-albums-francais tag-chanson tag-gerard-manset tag-manset tag-rock tag-verycords no-post-title no-post-date has-post-category has-post-tag has-post-comment has-post-author \">\n\t\n\t\t\t\t<figure class=\"post-image tf_clearfix\">\n\t\t\t    \t\t\t\t\t\t\t\t<a href=\"https:\/\/lamagicbox.com\/magazine\/gerard-manset-je-ne-veux-pas\/\">\n\t\t\t\t\t\t\t\t<img loading=\"lazy\" decoding=\"async\" src=\"https:\/\/lamagicbox.com\/magazine\/wp-content\/uploads\/2026\/04\/gerard-manset-2026-150x150.jpg\" width=\"150\" height=\"150\" class=\"wp-post-image wp-image-45528\" title=\"gerard-manset-2026\" alt=\"gerard-manset-2026\" srcset=\"https:\/\/lamagicbox.com\/magazine\/wp-content\/uploads\/2026\/04\/gerard-manset-2026.jpg 150w, https:\/\/lamagicbox.com\/magazine\/wp-content\/uploads\/2026\/04\/gerard-manset-2026-100x100.jpg 100w, https:\/\/lamagicbox.com\/magazine\/wp-content\/uploads\/2026\/04\/gerard-manset-2026-120x120.jpg 120w\" sizes=\"auto, (max-width: 150px) 100vw, 150px\" \/>\t\t\t\t\t\t\t\t    \t\t\t\t<\/a>\n\t\t\t\t\t\t\t    \t\t\t<\/figure>\n\t\t\t\n\t<div class=\"post-content\">\n\t\t\n\t\t\t\n\t\t\t<div class=\"entry-content\">\n\n        \n\t<\/div><!-- \/.entry-content -->\n\t\n\t\t\n\n\t<\/div>\n\t<!-- \/.post-content -->\n\n    <\/div>\n<!--\/post -->\n\n<div id=\"post-45376\" class=\"post tf_clearfix cat-39 post-45376 type-post status-publish format-standard has-post-thumbnail hentry category-albums-francais tag-chanson tag-folk tag-la-maison-tellier tag-normandie no-post-title no-post-date has-post-category has-post-tag has-post-comment has-post-author \">\n\t\n\t\t\t\t<figure class=\"post-image tf_clearfix\">\n\t\t\t    \t\t\t\t\t\t\t\t<a href=\"https:\/\/lamagicbox.com\/magazine\/la-maison-tellier-timidite-des-arbres\/\">\n\t\t\t\t\t\t\t\t<img loading=\"lazy\" decoding=\"async\" src=\"https:\/\/lamagicbox.com\/magazine\/wp-content\/uploads\/2026\/04\/la-maison-tellier-2026-150x150.jpg\" width=\"150\" height=\"150\" class=\"wp-post-image wp-image-45380\" title=\"la-maison-tellier-2026\" alt=\"La Maison Tellier\" srcset=\"https:\/\/lamagicbox.com\/magazine\/wp-content\/uploads\/2026\/04\/la-maison-tellier-2026.jpg 150w, https:\/\/lamagicbox.com\/magazine\/wp-content\/uploads\/2026\/04\/la-maison-tellier-2026-100x100.jpg 100w, https:\/\/lamagicbox.com\/magazine\/wp-content\/uploads\/2026\/04\/la-maison-tellier-2026-120x120.jpg 120w\" sizes=\"auto, (max-width: 150px) 100vw, 150px\" \/>\t\t\t\t\t\t\t\t    \t\t\t\t<\/a>\n\t\t\t\t\t\t\t    \t\t\t<\/figure>\n\t\t\t\n\t<div class=\"post-content\">\n\t\t\n\t\t\t\n\t\t\t<div class=\"entry-content\">\n\n        \n\t<\/div><!-- \/.entry-content -->\n\t\n\t\t\n\n\t<\/div>\n\t<!-- \/.post-content -->\n\n    <\/div>\n<!--\/post -->\n\n<div id=\"post-45276\" class=\"post tf_clearfix cat-39 post-45276 type-post status-publish format-standard has-post-thumbnail hentry category-albums-francais no-post-title no-post-date has-post-category has-post-tag has-post-comment has-post-author \">\n\t\n\t\t\t\t<figure class=\"post-image tf_clearfix\">\n\t\t\t    \t\t\t\t\t\t\t\t<a href=\"https:\/\/lamagicbox.com\/magazine\/volo-mine-de-rien\/\">\n\t\t\t\t\t\t\t\t<img loading=\"lazy\" decoding=\"async\" src=\"https:\/\/lamagicbox.com\/magazine\/wp-content\/uploads\/2026\/04\/71XeYaoNPyL._SL1417_-150x150.jpg\" width=\"150\" height=\"150\" class=\"wp-post-image wp-image-45288\" title=\"71XeYaoNPyL._SL1417_\" alt=\"Volo 2026\" srcset=\"https:\/\/lamagicbox.com\/magazine\/wp-content\/uploads\/2026\/04\/71XeYaoNPyL._SL1417_.jpg 150w, https:\/\/lamagicbox.com\/magazine\/wp-content\/uploads\/2026\/04\/71XeYaoNPyL._SL1417_-100x100.jpg 100w, https:\/\/lamagicbox.com\/magazine\/wp-content\/uploads\/2026\/04\/71XeYaoNPyL._SL1417_-120x120.jpg 120w\" sizes=\"auto, (max-width: 150px) 100vw, 150px\" \/>\t\t\t\t\t\t\t\t    \t\t\t\t<\/a>\n\t\t\t\t\t\t\t    \t\t\t<\/figure>\n\t\t\t\n\t<div class=\"post-content\">\n\t\t\n\t\t\t\n\t\t\t<div class=\"entry-content\">\n\n        \n\t<\/div><!-- \/.entry-content -->\n\t\n\t\t\n\n\t<\/div>\n\t<!-- \/.post-content -->\n\n    <\/div>\n<!--\/post -->\n\n<div id=\"post-44917\" class=\"post tf_clearfix cat-39 post-44917 type-post status-publish format-standard has-post-thumbnail hentry category-albums-francais tag-armens tag-b-r-e-t-o-n-s tag-bretagne tag-celtic tag-digresk tag-ev tag-kervegans tag-rock-celtique tag-soldat-louis no-post-title no-post-date has-post-category has-post-tag has-post-comment has-post-author \">\n\t\n\t\t\t\t<figure class=\"post-image tf_clearfix\">\n\t\t\t    \t\t\t\t\t\t\t\t<a href=\"https:\/\/lamagicbox.com\/magazine\/b-r-e-t-o-n-s-d-a-o-u\/\">\n\t\t\t\t\t\t\t\t<img loading=\"lazy\" decoding=\"async\" src=\"https:\/\/lamagicbox.com\/magazine\/wp-content\/uploads\/2026\/02\/bretons-2026-150x150.jpg\" width=\"150\" height=\"150\" class=\"wp-post-image wp-image-44918\" title=\"bretons-2026\" alt=\"BRETONS\" srcset=\"https:\/\/lamagicbox.com\/magazine\/wp-content\/uploads\/2026\/02\/bretons-2026.jpg 150w, https:\/\/lamagicbox.com\/magazine\/wp-content\/uploads\/2026\/02\/bretons-2026-100x100.jpg 100w, https:\/\/lamagicbox.com\/magazine\/wp-content\/uploads\/2026\/02\/bretons-2026-120x120.jpg 120w\" sizes=\"auto, (max-width: 150px) 100vw, 150px\" \/>\t\t\t\t\t\t\t\t    \t\t\t\t<\/a>\n\t\t\t\t\t\t\t    \t\t\t<\/figure>\n\t\t\t\n\t<div class=\"post-content\">\n\t\t\n\t\t\t\n\t\t\t<div class=\"entry-content\">\n\n        \n\t<\/div><!-- \/.entry-content -->\n\t\n\t\t\n\n\t<\/div>\n\t<!-- \/.post-content -->\n\n    <\/div>\n<!--\/post -->\n\n<div id=\"post-45158\" class=\"post tf_clearfix cat-69 post-45158 type-post status-publish format-standard has-post-thumbnail hentry category-albums-internationaux tag-belgique tag-it-it-anita tag-liege tag-noisy-rock no-post-title no-post-date has-post-category has-post-tag has-post-comment has-post-author \">\n\t\n\t\t\t\t<figure class=\"post-image tf_clearfix\">\n\t\t\t    \t\t\t\t\t\t\t\t<a href=\"https:\/\/lamagicbox.com\/magazine\/it-it-anita-hi-hi-ha-ha\/\">\n\t\t\t\t\t\t\t\t<img loading=\"lazy\" decoding=\"async\" src=\"https:\/\/lamagicbox.com\/magazine\/wp-content\/uploads\/2026\/03\/it-it-anita-2026-150x150.jpg\" width=\"150\" height=\"150\" class=\"wp-post-image wp-image-45159\" title=\"it-it-anita-2026\" alt=\"Karma Shelter\" srcset=\"https:\/\/lamagicbox.com\/magazine\/wp-content\/uploads\/2026\/03\/it-it-anita-2026.jpg 150w, https:\/\/lamagicbox.com\/magazine\/wp-content\/uploads\/2026\/03\/it-it-anita-2026-100x100.jpg 100w, https:\/\/lamagicbox.com\/magazine\/wp-content\/uploads\/2026\/03\/it-it-anita-2026-120x120.jpg 120w\" sizes=\"auto, (max-width: 150px) 100vw, 150px\" \/>\t\t\t\t\t\t\t\t    \t\t\t\t<\/a>\n\t\t\t\t\t\t\t    \t\t\t<\/figure>\n\t\t\t\n\t<div class=\"post-content\">\n\t\t\n\t\t\t\n\t\t\t<div class=\"entry-content\">\n\n        \n\t<\/div><!-- \/.entry-content -->\n\t\n\t\t\n\n\t<\/div>\n\t<!-- \/.post-content -->\n\n    <\/div>\n<!--\/post -->\n\n<div id=\"post-45151\" class=\"post tf_clearfix cat-39 cat-43 post-45151 type-post status-publish format-standard has-post-thumbnail hentry category-albums-francais category-autoproductions tag-bretagne tag-folk tag-karma-shelter tag-pop tag-rock tag-saint-malo-2 tag-zantek no-post-title no-post-date has-post-category has-post-tag has-post-comment has-post-author \">\n\t\n\t\t\t\t<figure class=\"post-image tf_clearfix\">\n\t\t\t    \t\t\t\t\t\t\t\t<a href=\"https:\/\/lamagicbox.com\/magazine\/karma-shelter-love-is-the-answer\/\">\n\t\t\t\t\t\t\t\t<img loading=\"lazy\" decoding=\"async\" src=\"https:\/\/lamagicbox.com\/magazine\/wp-content\/uploads\/2026\/03\/karma-shelter-2025-150x150.jpg\" width=\"150\" height=\"150\" class=\"wp-post-image wp-image-45153\" title=\"karma-shelter-2025\" alt=\"Karma Shelter\" srcset=\"https:\/\/lamagicbox.com\/magazine\/wp-content\/uploads\/2026\/03\/karma-shelter-2025.jpg 150w, https:\/\/lamagicbox.com\/magazine\/wp-content\/uploads\/2026\/03\/karma-shelter-2025-100x100.jpg 100w, https:\/\/lamagicbox.com\/magazine\/wp-content\/uploads\/2026\/03\/karma-shelter-2025-120x120.jpg 120w\" sizes=\"auto, (max-width: 150px) 100vw, 150px\" \/>\t\t\t\t\t\t\t\t    \t\t\t\t<\/a>\n\t\t\t\t\t\t\t    \t\t\t<\/figure>\n\t\t\t\n\t<div class=\"post-content\">\n\t\t\n\t\t\t\n\t\t\t<div class=\"entry-content\">\n\n        \n\t<\/div><!-- \/.entry-content -->\n\t\n\t\t\n\n\t<\/div>\n\t<!-- \/.post-content -->\n\n    <\/div>\n<!--\/post -->\n\n<div id=\"post-45087\" class=\"post tf_clearfix cat-39 post-45087 type-post status-publish format-standard has-post-thumbnail hentry category-albums-francais tag-ici-dailleurs tag-zero no-post-title no-post-date has-post-category has-post-tag has-post-comment has-post-author \">\n\t\n\t\t\t\t<figure class=\"post-image tf_clearfix\">\n\t\t\t    \t\t\t\t\t\t\t\t<a href=\"https:\/\/lamagicbox.com\/magazine\/zero-never-ending-rodeo\/\">\n\t\t\t\t\t\t\t\t<img loading=\"lazy\" decoding=\"async\" src=\"https:\/\/lamagicbox.com\/magazine\/wp-content\/uploads\/2026\/03\/zero-2025-150x150.jpg\" width=\"150\" height=\"150\" class=\"wp-post-image wp-image-45089\" title=\"zero-2025\" alt=\"Z\u00ebro - Never Ending Rodeo\" srcset=\"https:\/\/lamagicbox.com\/magazine\/wp-content\/uploads\/2026\/03\/zero-2025.jpg 150w, https:\/\/lamagicbox.com\/magazine\/wp-content\/uploads\/2026\/03\/zero-2025-100x100.jpg 100w, https:\/\/lamagicbox.com\/magazine\/wp-content\/uploads\/2026\/03\/zero-2025-120x120.jpg 120w\" sizes=\"auto, (max-width: 150px) 100vw, 150px\" \/>\t\t\t\t\t\t\t\t    \t\t\t\t<\/a>\n\t\t\t\t\t\t\t    \t\t\t<\/figure>\n\t\t\t\n\t<div class=\"post-content\">\n\t\t\n\t\t\t\n\t\t\t<div class=\"entry-content\">\n\n        \n\t<\/div><!-- \/.entry-content -->\n\t\n\t\t\n\n\t<\/div>\n\t<!-- \/.post-content -->\n\n    <\/div>\n<!--\/post -->\n\n<div id=\"post-44907\" class=\"post tf_clearfix cat-39 post-44907 type-post status-publish format-standard has-post-thumbnail hentry category-albums-francais tag-exsonvaldes tag-ile-de-france tag-pop tag-rock tag-v2-records no-post-title no-post-date has-post-category has-post-tag has-post-comment has-post-author \">\n\t\n\t\t\t\t<figure class=\"post-image tf_clearfix\">\n\t\t\t    \t\t\t\t\t\t\t\t<a href=\"https:\/\/lamagicbox.com\/magazine\/exsonvaldes-ninety-seconds-to-midnight\/\">\n\t\t\t\t\t\t\t\t<img loading=\"lazy\" decoding=\"async\" src=\"https:\/\/lamagicbox.com\/magazine\/wp-content\/uploads\/2026\/02\/exsonvaldes-2026-150x150.jpg\" width=\"150\" height=\"150\" class=\"wp-post-image wp-image-44908\" title=\"exsonvaldes-2026\" alt=\"exsonvaldes\" srcset=\"https:\/\/lamagicbox.com\/magazine\/wp-content\/uploads\/2026\/02\/exsonvaldes-2026.jpg 150w, https:\/\/lamagicbox.com\/magazine\/wp-content\/uploads\/2026\/02\/exsonvaldes-2026-120x120.jpg 120w, https:\/\/lamagicbox.com\/magazine\/wp-content\/uploads\/2026\/02\/exsonvaldes-2026-100x100.jpg 100w\" sizes=\"auto, (max-width: 150px) 100vw, 150px\" \/>\t\t\t\t\t\t\t\t    \t\t\t\t<\/a>\n\t\t\t\t\t\t\t    \t\t\t<\/figure>\n\t\t\t\n\t<div class=\"post-content\">\n\t\t\n\t\t\t\n\t\t\t<div class=\"entry-content\">\n\n        \n\t<\/div><!-- \/.entry-content -->\n\t\n\t\t\n\n\t<\/div>\n\t<!-- \/.post-content -->\n\n    <\/div>\n<!--\/post -->\n\n<div id=\"post-44736\" class=\"post tf_clearfix cat-39 cat-1 post-44736 type-post status-publish format-standard has-post-thumbnail hentry category-albums-francais category-non-classe tag-athome tag-les-wampas tag-punk tag-punk-rock no-post-title no-post-date has-post-category has-post-tag has-post-comment has-post-author \">\n\t\n\t\t\t\t<figure class=\"post-image tf_clearfix\">\n\t\t\t    \t\t\t\t\t\t\t\t<a href=\"https:\/\/lamagicbox.com\/magazine\/les-wampas-ou-va-nous\/\">\n\t\t\t\t\t\t\t\t<img loading=\"lazy\" decoding=\"async\" src=\"https:\/\/lamagicbox.com\/magazine\/wp-content\/uploads\/2026\/01\/Visuel-album-Les-Wampas-Ou-va-nous-1440-150x150.jpg\" width=\"150\" height=\"150\" class=\"wp-post-image wp-image-44737\" title=\"Visuel album - Les Wampas - Ou va nous - 1440\" alt=\"Visuel album - Les Wampas - Ou va nous - 1440\" srcset=\"https:\/\/lamagicbox.com\/magazine\/wp-content\/uploads\/2026\/01\/Visuel-album-Les-Wampas-Ou-va-nous-1440.jpg 150w, https:\/\/lamagicbox.com\/magazine\/wp-content\/uploads\/2026\/01\/Visuel-album-Les-Wampas-Ou-va-nous-1440-120x120.jpg 120w, https:\/\/lamagicbox.com\/magazine\/wp-content\/uploads\/2026\/01\/Visuel-album-Les-Wampas-Ou-va-nous-1440-100x100.jpg 100w\" sizes=\"auto, (max-width: 150px) 100vw, 150px\" \/>\t\t\t\t\t\t\t\t    \t\t\t\t<\/a>\n\t\t\t\t\t\t\t    \t\t\t<\/figure>\n\t\t\t\n\t<div class=\"post-content\">\n\t\t\n\t\t\t\n\t\t\t<div class=\"entry-content\">\n\n        \n\t<\/div><!-- \/.entry-content -->\n\t\n\t\t\n\n\t<\/div>\n\t<!-- \/.post-content -->\n\n    <\/div>\n<!--\/post -->\n\n<div id=\"post-44615\" class=\"post tf_clearfix cat-39 post-44615 type-post status-publish format-standard has-post-thumbnail hentry category-albums-francais tag-ici-dailleurs tag-michel-cloup tag-michel-cloup-trio tag-rock tag-slam tag-toulouse no-post-title no-post-date has-post-category has-post-tag has-post-comment has-post-author \">\n\t\n\t\t\t\t<figure class=\"post-image tf_clearfix\">\n\t\t\t    \t\t\t\t\t\t\t\t<a href=\"https:\/\/lamagicbox.com\/magazine\/michel-cloup-trio-catharsis-en-pieces-detachees\/\">\n\t\t\t\t\t\t\t\t<img loading=\"lazy\" decoding=\"async\" src=\"https:\/\/lamagicbox.com\/magazine\/wp-content\/uploads\/2026\/01\/Michel-Cloup-Catharsis-en-pieces-detachees-2025-150x150.jpg\" width=\"150\" height=\"150\" class=\"wp-post-image wp-image-44624\" title=\"Michel-Cloup-Catharsis-en-pieces-detachees-2025\" alt=\"Catharsis en pi\u00e8ces d\u00e9tach\u00e9es\" srcset=\"https:\/\/lamagicbox.com\/magazine\/wp-content\/uploads\/2026\/01\/Michel-Cloup-Catharsis-en-pieces-detachees-2025.jpg 150w, https:\/\/lamagicbox.com\/magazine\/wp-content\/uploads\/2026\/01\/Michel-Cloup-Catharsis-en-pieces-detachees-2025-120x120.jpg 120w, https:\/\/lamagicbox.com\/magazine\/wp-content\/uploads\/2026\/01\/Michel-Cloup-Catharsis-en-pieces-detachees-2025-100x100.jpg 100w\" sizes=\"auto, (max-width: 150px) 100vw, 150px\" \/>\t\t\t\t\t\t\t\t    \t\t\t\t<\/a>\n\t\t\t\t\t\t\t    \t\t\t<\/figure>\n\t\t\t\n\t<div class=\"post-content\">\n\t\t\n\t\t\t\n\t\t\t<div class=\"entry-content\">\n\n        \n\t<\/div><!-- \/.entry-content -->\n\t\n\t\t\n\n\t<\/div>\n\t<!-- \/.post-content -->\n\n    <\/div>\n<!--\/post -->\n\n<div id=\"post-44617\" class=\"post tf_clearfix cat-39 post-44617 type-post status-publish format-standard has-post-thumbnail hentry category-albums-francais tag-americana tag-country tag-goulven-hamel tag-james-eleganz tag-the-celtic-social-club no-post-title no-post-date has-post-category has-post-tag has-post-comment has-post-author \">\n\t\n\t\t\t\t<figure class=\"post-image tf_clearfix\">\n\t\t\t    \t\t\t\t\t\t\t\t<a href=\"https:\/\/lamagicbox.com\/magazine\/hanky-xx-under-a-western-sky\/\">\n\t\t\t\t\t\t\t\t<img loading=\"lazy\" decoding=\"async\" src=\"https:\/\/lamagicbox.com\/magazine\/wp-content\/uploads\/2026\/01\/hanky-xx-2025-150x150.jpg\" width=\"150\" height=\"150\" class=\"wp-post-image wp-image-44618\" title=\"hanky-xx-2025\" alt=\"Hanky XX 2025\" srcset=\"https:\/\/lamagicbox.com\/magazine\/wp-content\/uploads\/2026\/01\/hanky-xx-2025.jpg 150w, https:\/\/lamagicbox.com\/magazine\/wp-content\/uploads\/2026\/01\/hanky-xx-2025-100x100.jpg 100w, https:\/\/lamagicbox.com\/magazine\/wp-content\/uploads\/2026\/01\/hanky-xx-2025-120x120.jpg 120w\" sizes=\"auto, (max-width: 150px) 100vw, 150px\" \/>\t\t\t\t\t\t\t\t    \t\t\t\t<\/a>\n\t\t\t\t\t\t\t    \t\t\t<\/figure>\n\t\t\t\n\t<div class=\"post-content\">\n\t\t\n\t\t\t\n\t\t\t<div class=\"entry-content\">\n\n        \n\t<\/div><!-- \/.entry-content -->\n\t\n\t\t\n\n\t<\/div>\n\t<!-- \/.post-content -->\n\n    <\/div>\n<!--\/post -->\n\n<div id=\"post-44602\" class=\"post tf_clearfix cat-42 post-44602 type-post status-publish format-standard has-post-thumbnail hentry category-albums-live-best-of tag-bretagne tag-hellfest tag-ille-de-france tag-metal tag-metal-francais no-post-title no-post-date has-post-category has-post-tag has-post-comment has-post-author \">\n\t\n\t\t\t\t<figure class=\"post-image tf_clearfix\">\n\t\t\t    \t\t\t\t\t\t\t\t<a href=\"https:\/\/lamagicbox.com\/magazine\/mass-hysteria-vae-soli-hellfest-2024\/\">\n\t\t\t\t\t\t\t\t<img loading=\"lazy\" decoding=\"async\" src=\"https:\/\/lamagicbox.com\/magazine\/wp-content\/uploads\/2026\/01\/mass-hysteria-2026-1-150x150.jpg\" width=\"150\" height=\"150\" class=\"wp-post-image wp-image-44608\" title=\"mass-hysteria-2026\" alt=\"Mass Hysteria Live\" srcset=\"https:\/\/lamagicbox.com\/magazine\/wp-content\/uploads\/2026\/01\/mass-hysteria-2026-1.jpg 150w, https:\/\/lamagicbox.com\/magazine\/wp-content\/uploads\/2026\/01\/mass-hysteria-2026-1-100x100.jpg 100w, https:\/\/lamagicbox.com\/magazine\/wp-content\/uploads\/2026\/01\/mass-hysteria-2026-1-120x120.jpg 120w\" sizes=\"auto, (max-width: 150px) 100vw, 150px\" \/>\t\t\t\t\t\t\t\t    \t\t\t\t<\/a>\n\t\t\t\t\t\t\t    \t\t\t<\/figure>\n\t\t\t\n\t<div class=\"post-content\">\n\t\t\n\t\t\t\n\t\t\t<div class=\"entry-content\">\n\n        \n\t<\/div><!-- \/.entry-content -->\n\t\n\t\t\n\n\t<\/div>\n\t<!-- \/.post-content -->\n\n    <\/div>\n<!--\/post -->\n\n<div id=\"post-44588\" class=\"post tf_clearfix cat-42 post-44588 type-post status-publish format-standard has-post-thumbnail hentry category-albums-live-best-of no-post-title no-post-date has-post-category has-post-tag has-post-comment has-post-author \">\n\t\n\t\t\t\t<figure class=\"post-image tf_clearfix\">\n\t\t\t    \t\t\t\t\t\t\t\t<a href=\"https:\/\/lamagicbox.com\/magazine\/the-silencers-roads-roots-live\/\">\n\t\t\t\t\t\t\t\t<img loading=\"lazy\" decoding=\"async\" src=\"https:\/\/lamagicbox.com\/magazine\/wp-content\/uploads\/2026\/01\/the-silencers-2026-150x150.jpg\" width=\"150\" height=\"150\" class=\"wp-post-image wp-image-44589\" title=\"the-silencers-2026\" alt=\"The Silencers Live\" srcset=\"https:\/\/lamagicbox.com\/magazine\/wp-content\/uploads\/2026\/01\/the-silencers-2026.jpg 150w, https:\/\/lamagicbox.com\/magazine\/wp-content\/uploads\/2026\/01\/the-silencers-2026-100x100.jpg 100w, https:\/\/lamagicbox.com\/magazine\/wp-content\/uploads\/2026\/01\/the-silencers-2026-120x120.jpg 120w\" sizes=\"auto, (max-width: 150px) 100vw, 150px\" \/>\t\t\t\t\t\t\t\t    \t\t\t\t<\/a>\n\t\t\t\t\t\t\t    \t\t\t<\/figure>\n\t\t\t\n\t<div class=\"post-content\">\n\t\t\n\t\t\t\n\t\t\t<div class=\"entry-content\">\n\n        \n\t<\/div><!-- \/.entry-content -->\n\t\n\t\t\n\n\t<\/div>\n\t<!-- \/.post-content -->\n\n    <\/div>\n<!--\/post -->\n<\/div><!-- .builder-posts-wrap -->\n            <link rel=\"prefetch\" as=\"document\" href=\"https:\/\/lamagicbox.com\/magazine\/wp-json\/wp\/v2\/pages\/409\/page\/2\/\"\/><div class=\"pagenav tf_clear tf_box tf_textr tf_clearfix \"> <span class=\"number current\">1<\/span> <a href=\"https:\/\/lamagicbox.com\/magazine\/wp-json\/wp\/v2\/pages\/409\/page\/2\/\" class=\"number\">2<\/a> <a href=\"https:\/\/lamagicbox.com\/magazine\/wp-json\/wp\/v2\/pages\/409\/page\/3\/\" class=\"number\">3<\/a> <a href=\"https:\/\/lamagicbox.com\/magazine\/wp-json\/wp\/v2\/pages\/409\/page\/4\/\" class=\"number\">4<\/a><a href=\"https:\/\/lamagicbox.com\/magazine\/wp-json\/wp\/v2\/pages\/409\/page\/2\/\"  class=\"number nextp\">&rsaquo;<\/a><a href=\"https:\/\/lamagicbox.com\/magazine\/wp-json\/wp\/v2\/pages\/409\/page\/62\/\" title=\"&raquo;\" class=\"number lastp\">&raquo;<\/a><\/div>        <\/div>\n    <!-- \/module post -->\n\t\t\t\t<\/div><!-- .tb-column-inner -->\n\t\t\t\t\t\t<\/div><!-- .module_column -->\n\t\t\t\t\t\t<\/div><!-- .row_inner -->\n\t\t<\/div><!-- .module_row -->\n\t\t\t\t<\/div>\n<!--\/themify_builder_content-->","protected":false},"excerpt":{"rendered":"","protected":false},"author":1,"featured_media":0,"parent":0,"menu_order":3,"comment_status":"open","ping_status":"open","template":"","meta":{"footnotes":""},"class_list":["post-409","page","type-page","status-publish","hentry","has-post-title","has-post-date","has-post-category","has-post-tag","has-post-comment","has-post-author",""],"builder_content":"","_links":{"self":[{"href":"https:\/\/lamagicbox.com\/magazine\/wp-json\/wp\/v2\/pages\/409","targetHints":{"allow":["GET"]}}],"collection":[{"href":"https:\/\/lamagicbox.com\/magazine\/wp-json\/wp\/v2\/pages"}],"about":[{"href":"https:\/\/lamagicbox.com\/magazine\/wp-json\/wp\/v2\/types\/page"}],"author":[{"embeddable":true,"href":"https:\/\/lamagicbox.com\/magazine\/wp-json\/wp\/v2\/users\/1"}],"replies":[{"embeddable":true,"href":"https:\/\/lamagicbox.com\/magazine\/wp-json\/wp\/v2\/comments?post=409"}],"version-history":[{"count":0,"href":"https:\/\/lamagicbox.com\/magazine\/wp-json\/wp\/v2\/pages\/409\/revisions"}],"wp:attachment":[{"href":"https:\/\/lamagicbox.com\/magazine\/wp-json\/wp\/v2\/media?parent=409"}],"curies":[{"name":"wp","href":"https:\/\/api.w.org\/{rel}","templated":true}]}}