{"id":3071,"date":"2015-01-18T18:38:38","date_gmt":"2015-01-18T17:38:38","guid":{"rendered":"http:\/\/lamagicbox.com\/magazine\/?page_id=3071"},"modified":"2015-01-18T18:38:38","modified_gmt":"2015-01-18T17:38:38","slug":"de-la-magic-box","status":"publish","type":"page","link":"https:\/\/lamagicbox.com\/magazine\/page-d-exemple\/de-la-magic-box\/","title":{"rendered":"&#8230;de la Magic Box"},"content":{"rendered":"<p><a title=\"Home\" href=\"http:\/\/lamagicbox.com\/magazine\/\">LaMagicBox<\/a> est un magazine d&rsquo;actualit\u00e9 musicale qui s\u00e9vit depuis 1998, sur les ondes et sur le web, dans sa version 1.0. Sa version 2.0 a \u00e9t\u00e9 mise en ligne en 2015.<\/p>\n<p>Les chroniqueurs chroniquent les meilleures sorties d&rsquo;<a title=\"CHRONIQUES\" href=\"http:\/\/lamagicbox.com\/magazine\/?page_id=409\">albums<\/a>, se rendent \u00e0 des concerts et des festivals pour vous livrer \u00e0 chaud ou \u00e0 froid les grands moments live \u00e0 travers la France et parfois l&rsquo;Angleterre.<\/p>\n<p>Vous pourrez trouver aussi des chroniques de DVD de concerts, de Films ou encore de livres en rapport avec la musique, et plus sp\u00e9cialement le Rock, la Pop, la Chanson Francaise, le M\u00e9tal&#8230;<\/p>\n<p>Vous y trouverez aussi des photos. Tout le contenu de ce site est disponible sur demande. Rendez-vous \u00e0 la rubrique <a title=\"Contact\" href=\"http:\/\/lamagicbox.com\/magazine\/?page_id=594\">contact<\/a>.<\/p>\n<!--themify_builder_content-->\n<div id=\"themify_builder_content-3071\" data-postid=\"3071\" class=\"themify_builder_content themify_builder_content-3071 themify_builder tf_clear\">\n    <\/div>\n<!--\/themify_builder_content-->","protected":false},"excerpt":{"rendered":"<p>LaMagicBox est un magazine d&rsquo;actualit\u00e9 musicale qui s\u00e9vit depuis 1998, sur les ondes et sur le web, dans sa version 1.0. Sa version 2.0 a \u00e9t\u00e9 mise en ligne en 2015. Les chroniqueurs chroniquent les meilleures sorties d&rsquo;albums, se rendent \u00e0 des concerts et des festivals pour vous livrer \u00e0 chaud ou \u00e0 froid les [&hellip;]<\/p>\n","protected":false},"author":1,"featured_media":0,"parent":2,"menu_order":1,"comment_status":"closed","ping_status":"open","template":"","meta":{"footnotes":""},"class_list":["post-3071","page","type-page","status-publish","hentry","has-post-title","has-post-date","has-post-category","has-post-tag","has-post-comment","has-post-author",""],"builder_content":"","_links":{"self":[{"href":"https:\/\/lamagicbox.com\/magazine\/wp-json\/wp\/v2\/pages\/3071","targetHints":{"allow":["GET"]}}],"collection":[{"href":"https:\/\/lamagicbox.com\/magazine\/wp-json\/wp\/v2\/pages"}],"about":[{"href":"https:\/\/lamagicbox.com\/magazine\/wp-json\/wp\/v2\/types\/page"}],"author":[{"embeddable":true,"href":"https:\/\/lamagicbox.com\/magazine\/wp-json\/wp\/v2\/users\/1"}],"replies":[{"embeddable":true,"href":"https:\/\/lamagicbox.com\/magazine\/wp-json\/wp\/v2\/comments?post=3071"}],"version-history":[{"count":0,"href":"https:\/\/lamagicbox.com\/magazine\/wp-json\/wp\/v2\/pages\/3071\/revisions"}],"up":[{"embeddable":true,"href":"https:\/\/lamagicbox.com\/magazine\/wp-json\/wp\/v2\/pages\/2"}],"wp:attachment":[{"href":"https:\/\/lamagicbox.com\/magazine\/wp-json\/wp\/v2\/media?parent=3071"}],"curies":[{"name":"wp","href":"https:\/\/api.w.org\/{rel}","templated":true}]}}