{"id":3066,"date":"2015-01-19T18:07:11","date_gmt":"2015-01-19T17:07:11","guid":{"rendered":"http:\/\/lamagicbox.com\/magazine\/?page_id=3066"},"modified":"2018-01-22T15:59:54","modified_gmt":"2018-01-22T14:59:54","slug":"cliporama","status":"publish","type":"page","link":"https:\/\/lamagicbox.com\/magazine\/news\/cliporama\/","title":{"rendered":"Actu Vid\u00e9os"},"content":{"rendered":"<p>La musique c&rsquo;est aussi des images. Chaque mois, nous recherchons les meilleurs clips ou concerts et vous les proposons sur cette page.<\/p>\n<!--themify_builder_content-->\n<div id=\"themify_builder_content-3066\" data-postid=\"3066\" class=\"themify_builder_content themify_builder_content-3066 themify_builder tf_clear\">\n    \t\t\t\t<!-- module_row -->\n\t\t<div  data-lazy=\"1\" class=\"module_row themify_builder_row tb_lgb4041 tb_first tf_w tf_clearfix\">\n\t\t\t\t\t<div class=\"row_inner col_align_top tb_col_count_1 tf_box tf_rel\">\n\t\t\t\t\t<div  data-lazy=\"1\" class=\"module_column tb-column col-full   tb_krfl646 first\">\n\t\t\t\t\t\t\t\t\t<div class=\"tb-column-inner tf_box tf_w\">\n\t\t\t\t<!-- module text -->\n<div  class=\"module module-text tb_qd0m066   \" data-lazy=\"1\">\n    <h3 class=\"module-title\">Shed Seven - Live \u00e0 \"T in the Park 2016\"<\/h3>    <div  class=\"tb_text_wrap\">\n    <h3 class=\"yt watch-title-container\"><span class=\"watch-title \" dir=\"ltr\" title=\"Slowdive - Live \u00e0 la Route du Rock 2014 [FULL]\">Shed Seven &#8211; Live \u00e0 \u00ab\u00a0<\/span>T in the Park 2016&Prime;<span id=\"eow-title\" class=\"watch-title \" dir=\"ltr\" title=\"Slowdive - Live \u00e0 la Route du Rock 2014 [FULL]\"> <\/span><span id=\"eow-title\" class=\"watch-title \" dir=\"ltr\" title=\"Django Django \u00e0 We Love Green:(Live,Full Concert 2015):\">:\u00a0<\/span>9 juillet 2016\u00a0:<\/h3><p style=\"text-align: center;\"><iframe loading=\"lazy\" src=\"https:\/\/www.youtube.com\/embed\/x8XdpA6nvCg\" width=\"560\" height=\"315\" frameborder=\"0\" allowfullscreen=\"allowfullscreen\"><\/iframe><\/p>    <\/div>\n<\/div>\n<!-- \/module text --><!-- module text -->\n<div  class=\"module module-text tb_wrvm466   \" data-lazy=\"1\">\n    <h3 class=\"module-title\">Concert<\/h3>    <div  class=\"tb_text_wrap\">\n    <h3>Tears For Fears f\u00eate les 30 ans de Songs From The Big Chair<\/h3><p>Enregistr\u00e9 \u00e0 Los Angeles, au Studio The Village devant 50 super fans !<\/p><center><iframe loading=\"lazy\" src=\"https:\/\/www.youtube.com\/embed\/W4_mMl0B5mA\" width=\"560\" height=\"315\" frameborder=\"0\" allowfullscreen=\"allowfullscreen\"><\/iframe><\/center>    <\/div>\n<\/div>\n<!-- \/module text -->\t\t\t\t<\/div><!-- .tb-column-inner -->\n\t\t\t\t\t\t<\/div><!-- .module_column -->\n\t\t\t\t\t\t<\/div><!-- .row_inner -->\n\t\t<\/div><!-- .module_row -->\n\t\t\t\t\t\t\t\t<!-- module_row -->\n\t\t<div  data-lazy=\"1\" class=\"module_row themify_builder_row tb_bkgx144 tf_w tf_clearfix\">\n\t\t\t\t\t<div class=\"row_inner col_align_top tb_col_count_1 tf_box tf_rel\">\n\t\t\t\t\t<div  data-lazy=\"1\" class=\"module_column tb-column col-full   tb_beom040 first\">\n\t\t\t\t\t\t\t\t\t<div class=\"tb-column-inner tf_box tf_w\">\n\t\t\t\t<!-- module text -->\n<div  class=\"module module-text tb_2kk2040   \" data-lazy=\"1\">\n    <h3 class=\"module-title\">La Magic TV<\/h3>    <div  class=\"tb_text_wrap\">\n    <h4>LA MAGIC TV<\/h4><p>La Magic TV, c&rsquo;est une S\u00e9lection des meilleurs clips de l&rsquo;ann\u00e9e, au fil de l&rsquo;eau, s\u00e9lectionn\u00e9e par les chroniqueurs LMB&#8230;<\/p><center><iframe loading=\"lazy\" src=\"\/\/www.youtube.com\/embed\/videoseries?list=PLa8E3uRXS8EsBMHZRcalft0rhFGbB3ZUt\" width=\"530\" height=\"300\" frameborder=\"0\" allowfullscreen=\"allowfullscreen\"><\/iframe><\/center>    <\/div>\n<\/div>\n<!-- \/module text -->\t\t\t\t<\/div><!-- .tb-column-inner -->\n\t\t\t\t\t\t<\/div><!-- .module_column -->\n\t\t\t\t\t\t<\/div><!-- .row_inner -->\n\t\t<\/div><!-- .module_row -->\n\t\t\t\t\t\t\t\t<!-- module_row -->\n\t\t<div  data-lazy=\"1\" class=\"module_row themify_builder_row tb_ah2w066 tf_w tf_clearfix\">\n\t\t\t\t\t<div class=\"row_inner col_align_top tb_col_count_1 tf_box tf_rel\">\n\t\t\t\t\t<div  data-lazy=\"1\" class=\"module_column tb-column col-full   tb_z3by660 first\">\n\t\t\t\t\t\t\t\t\t<div class=\"tb-column-inner tf_box tf_w\">\n\t\t\t\t<!-- module text -->\n<div  class=\"module module-text tb_dt10000   \" data-lazy=\"1\">\n        <div  class=\"tb_text_wrap\">\n    <h3>Lofofora &#8211; Live \u00e0 Limoges &#8211; France<\/h3>\n<p>Enregistr\u00e9 le 14 novembre 2014, ce concert de Lofo vous met dans l&rsquo;ambiance de la tourn\u00e9e de l&rsquo;Epreuve du Contraire (At(h)ome).<\/p>\n<div id=\"action-panel-details\" class=\"action-panel-content yt-card yt-card-has-padding yt-uix-expander yt-uix-expander-collapsed\">\n<div id=\"watch-description\" class=\"yt-uix-button-panel\">\n<div id=\"watch-description-content\">\n<div id=\"watch7-sidebar\" class=\"watch-sidebar\">\u00ab\u00a0<em>25, c\u2019est l\u2019\u00e2ge de Lofofora cette ann\u00e9e ! 20, c\u2019est l\u2019\u00e2ge du premier maxi, qui nous faisait d\u00e9couvrir L\u2019\u0153uf, No Facho ou encore la reprise radical de Zobi La Mouche des N\u00e9gresses Vertes\u2026 J\u2019ai l\u2019impression que c\u2019\u00e9tait hier ! Et 15 ans, c\u2019est l\u2019\u00e2ge moyen de ces \u00ab Adolescents Attard\u00e9s \u00bb qui forment Lofofora aujourd\u2019hui en 2014..<\/em>.\u00a0\u00bb<br \/>\nLa preuve en image :<\/div>\n<\/div>\n<\/div>\n<\/div>\n<p style=\"text-align: center;\"><iframe loading=\"lazy\" width=\"560\" height=\"315\" src=\"\/\/www.youtube.com\/embed\/odGrmHvuYG4\" frameborder=\"0\" allowfullscreen><\/iframe><\/p>\n    <\/div>\n<\/div>\n<!-- \/module text --><!-- module text -->\n<div  class=\"module module-text tb_3ini109   \" data-lazy=\"1\">\n        <div  class=\"tb_text_wrap\">\n    <h3>Depeche Mode &#8211; Live in Strasbourg &#8211; France<\/h3><p>Concert complet de Depeche Mode lors du \u00ab\u00a0Deltamachine Tour\u00a0\u00bb \u00e0 Strasbourg enregistr\u00e9 le 2 F\u00e9vrier 2014. <\/p><p style=\"text-align: center;\"><iframe loading=\"lazy\" src=\"\/\/www.youtube.com\/embed\/rZpNUmqcBis\" width=\"560\" height=\"315\" frameborder=\"0\" allowfullscreen=\"allowfullscreen\"><\/iframe><\/p>    <\/div>\n<\/div>\n<!-- \/module text --><!-- module text -->\n<div  class=\"module module-text tb_cj9y419   \" data-lazy=\"1\">\n    <h3 class=\"module-title\">Anciens Concerts<\/h3>    <div  class=\"tb_text_wrap\">\n    <h3>Nine Inch Nails &#8211; Live in Los Angeles<\/h3><p>Nine Inch Nails Tension 2013, un concert au Staples Center, Los Angeles, enregistr\u00e9 le 8 novembre 2013.<\/p><p style=\"text-align: center;\"><iframe loading=\"lazy\" src=\"\/\/www.youtube.com\/embed\/LBC3NXnN8y4\" width=\"560\" height=\"315\" frameborder=\"0\" allowfullscreen=\"allowfullscreen\"><\/iframe><\/p>    <\/div>\n<\/div>\n<!-- \/module text --><!-- module text -->\n<div  class=\"module module-text tb_cdff490   \" data-lazy=\"1\">\n        <div  class=\"tb_text_wrap\">\n    <h3>Archive &#8211; Live in Athen<\/h3><p>Voici un concert complet d&rsquo;Archive enregistr\u00e9 \u00e0 Ath\u00e8nes en 2012, autour du\u00a0\u00ab\u00a0Controlling Crowds tour\u00a0\u00bb. Disponible en DVD.<\/p><p style=\"text-align: center;\"><iframe loading=\"lazy\" src=\"\/\/www.youtube.com\/embed\/umyB1QDP5PM\" width=\"560\" height=\"315\" frameborder=\"0\" allowfullscreen=\"allowfullscreen\"><\/iframe><\/p>    <\/div>\n<\/div>\n<!-- \/module text --><!-- module text -->\n<div  class=\"module module-text tb_p9hs000   \" data-lazy=\"1\">\n    <h3 class=\"module-title\">Dolly aux Eurock\u00e9ennes de Belfort 1998<\/h3>    <div  class=\"tb_text_wrap\">\n    <h3>Dolly aux Eurock\u00e9ennes de Belfort 1998<\/h3><p>Tres bon souvenir de l&rsquo;ann\u00e9e 1998 avec un live des Dolly \u00e0 leurs d\u00e9buts dans le monde des grands :<\/p><p style=\"text-align: center;\"><iframe loading=\"lazy\" src=\"https:\/\/www.youtube.com\/embed\/kq8IJXLHZ7E\" width=\"420\" height=\"315\" frameborder=\"0\" allowfullscreen=\"allowfullscreen\"><\/iframe><\/p>    <\/div>\n<\/div>\n<!-- \/module text -->\t\t\t\t<\/div><!-- .tb-column-inner -->\n\t\t\t\t\t\t<\/div><!-- .module_column -->\n\t\t\t\t\t\t<\/div><!-- .row_inner -->\n\t\t<\/div><!-- .module_row -->\n\t\t\t\t<\/div>\n<!--\/themify_builder_content-->","protected":false},"excerpt":{"rendered":"<p>La musique c&rsquo;est aussi des images. Chaque mois, nous recherchons les meilleurs clips ou concerts et vous les proposons sur cette page. Shed Seven &#8211; Live \u00e0 \u00ab\u00a0T in the Park 2016\u00a0\u00bb Shed Seven &#8211; Live \u00e0 \u00ab\u00a0T in the Park 2016\u00a0\u00bb :\u00a09 juillet 2016\u00a0: Concert Tears For Fears f\u00eate les 30 ans de Songs [&hellip;]<\/p>\n","protected":false},"author":1,"featured_media":0,"parent":2450,"menu_order":2,"comment_status":"closed","ping_status":"open","template":"","meta":{"footnotes":""},"class_list":["post-3066","page","type-page","status-publish","hentry","has-post-title","has-post-date","has-post-category","has-post-tag","has-post-comment","has-post-author",""],"builder_content":"<h3>Shed Seven - Live \u00e0 \"T in the Park 2016\"<\/h3> <h3>Shed Seven - Live \u00e0 \"T in the Park 2016\" :\u00a09 juillet 2016\u00a0:<\/h3><p style=\"text-align: center;\"><iframe loading=\"lazy\" src=\"https:\/\/www.youtube.com\/embed\/x8XdpA6nvCg\" width=\"560\" height=\"315\" frameborder=\"0\" allowfullscreen=\"allowfullscreen\"><\/iframe><\/p>\n<h3>Concert<\/h3> <h3>Tears For Fears f\u00eate les 30 ans de Songs From The Big Chair<\/h3><p>Enregistr\u00e9 \u00e0 Los Angeles, au Studio The Village devant 50 super fans !<\/p><center><iframe loading=\"lazy\" src=\"https:\/\/www.youtube.com\/embed\/W4_mMl0B5mA\" width=\"560\" height=\"315\" frameborder=\"0\" allowfullscreen=\"allowfullscreen\"><\/iframe><\/center>\n<h3>La Magic TV<\/h3> <h4>LA MAGIC TV<\/h4><p>La Magic TV, c'est une S\u00e9lection des meilleurs clips de l'ann\u00e9e, au fil de l'eau, s\u00e9lectionn\u00e9e par les chroniqueurs LMB...<\/p><center><iframe loading=\"lazy\" src=\"\/\/www.youtube.com\/embed\/videoseries?list=PLa8E3uRXS8EsBMHZRcalft0rhFGbB3ZUt\" width=\"530\" height=\"300\" frameborder=\"0\" allowfullscreen=\"allowfullscreen\"><\/iframe><\/center>\n<h3>Lofofora - Live \u00e0 Limoges - France<\/h3> <p>Enregistr\u00e9 le 14 novembre 2014, ce concert de Lofo vous met dans l'ambiance de la tourn\u00e9e de l'Epreuve du Contraire (At(h)ome).<\/p>\n\"<em>25, c\u2019est l\u2019\u00e2ge de Lofofora cette ann\u00e9e ! 20, c\u2019est l\u2019\u00e2ge du premier maxi, qui nous faisait d\u00e9couvrir L\u2019\u0153uf, No Facho ou encore la reprise radical de Zobi La Mouche des N\u00e9gresses Vertes\u2026 J\u2019ai l\u2019impression que c\u2019\u00e9tait hier ! Et 15 ans, c\u2019est l\u2019\u00e2ge moyen de ces \u00ab Adolescents Attard\u00e9s \u00bb qui forment Lofofora aujourd\u2019hui en 2014..<\/em>.\"<br \/> La preuve en image :\n<p style=\"text-align: center;\"><iframe loading=\"lazy\" width=\"560\" height=\"315\" src=\"\/\/www.youtube.com\/embed\/odGrmHvuYG4\" frameborder=\"0\" allowfullscreen><\/iframe><\/p>\n<h3>Depeche Mode - Live in Strasbourg - France<\/h3><p>Concert complet de Depeche Mode lors du \"Deltamachine Tour\" \u00e0 Strasbourg enregistr\u00e9 le 2 F\u00e9vrier 2014. <\/p><p style=\"text-align: center;\"><iframe loading=\"lazy\" src=\"\/\/www.youtube.com\/embed\/rZpNUmqcBis\" width=\"560\" height=\"315\" frameborder=\"0\" allowfullscreen=\"allowfullscreen\"><\/iframe><\/p>\n<h3>Anciens Concerts<\/h3> <h3>Nine Inch Nails - Live in Los Angeles<\/h3><p>Nine Inch Nails Tension 2013, un concert au Staples Center, Los Angeles, enregistr\u00e9 le 8 novembre 2013.<\/p><p style=\"text-align: center;\"><iframe loading=\"lazy\" src=\"\/\/www.youtube.com\/embed\/LBC3NXnN8y4\" width=\"560\" height=\"315\" frameborder=\"0\" allowfullscreen=\"allowfullscreen\"><\/iframe><\/p>\n<h3>Archive - Live in Athen<\/h3><p>Voici un concert complet d'Archive enregistr\u00e9 \u00e0 Ath\u00e8nes en 2012, autour du\u00a0\"Controlling Crowds tour\". Disponible en DVD.<\/p><p style=\"text-align: center;\"><iframe loading=\"lazy\" src=\"\/\/www.youtube.com\/embed\/umyB1QDP5PM\" width=\"560\" height=\"315\" frameborder=\"0\" allowfullscreen=\"allowfullscreen\"><\/iframe><\/p>\n<h3>Dolly aux Eurock\u00e9ennes de Belfort 1998<\/h3> <h3>Dolly aux Eurock\u00e9ennes de Belfort 1998<\/h3><p>Tres bon souvenir de l'ann\u00e9e 1998 avec un live des Dolly \u00e0 leurs d\u00e9buts dans le monde des grands :<\/p><p style=\"text-align: center;\"><iframe loading=\"lazy\" src=\"https:\/\/www.youtube.com\/embed\/kq8IJXLHZ7E\" width=\"420\" height=\"315\" frameborder=\"0\" allowfullscreen=\"allowfullscreen\"><\/iframe><\/p>","_links":{"self":[{"href":"https:\/\/lamagicbox.com\/magazine\/wp-json\/wp\/v2\/pages\/3066","targetHints":{"allow":["GET"]}}],"collection":[{"href":"https:\/\/lamagicbox.com\/magazine\/wp-json\/wp\/v2\/pages"}],"about":[{"href":"https:\/\/lamagicbox.com\/magazine\/wp-json\/wp\/v2\/types\/page"}],"author":[{"embeddable":true,"href":"https:\/\/lamagicbox.com\/magazine\/wp-json\/wp\/v2\/users\/1"}],"replies":[{"embeddable":true,"href":"https:\/\/lamagicbox.com\/magazine\/wp-json\/wp\/v2\/comments?post=3066"}],"version-history":[{"count":0,"href":"https:\/\/lamagicbox.com\/magazine\/wp-json\/wp\/v2\/pages\/3066\/revisions"}],"up":[{"embeddable":true,"href":"https:\/\/lamagicbox.com\/magazine\/wp-json\/wp\/v2\/pages\/2450"}],"wp:attachment":[{"href":"https:\/\/lamagicbox.com\/magazine\/wp-json\/wp\/v2\/media?parent=3066"}],"curies":[{"name":"wp","href":"https:\/\/api.w.org\/{rel}","templated":true}]}}