{"id":1785,"date":"2008-06-25T21:04:08","date_gmt":"2008-06-25T21:04:08","guid":{"rendered":"http:\/\/themify.me\/demo\/themes\/builder\/?page_id=1785"},"modified":"2015-06-01T08:15:41","modified_gmt":"2015-06-01T07:15:41","slug":"magazine-layout","status":"publish","type":"page","link":"https:\/\/lamagicbox.com\/magazine\/reportages\/magazine-layout\/","title":{"rendered":"REPORTAGES FESTIVALS"},"content":{"rendered":"<p style=\"text-align: center;\">Comptes-rendus des festivals vus par les reporters de La Magic Box<\/p>\n<!--themify_builder_content-->\n<div id=\"themify_builder_content-1785\" data-postid=\"1785\" class=\"themify_builder_content themify_builder_content-1785 themify_builder tf_clear\">\n    \t\t\t\t<!-- module_row -->\n\t\t<div  data-lazy=\"1\" class=\"module_row themify_builder_row tb_og0m500 tb_first tf_w tf_clearfix\">\n\t\t\t\t\t<div class=\"row_inner col_align_top tb_col_count_1 tf_box tf_rel\">\n\t\t\t\t\t<div  data-lazy=\"1\" class=\"module_column tb-column col-full  tb_g9i8501 first\">\n\t\t\t\t\t\t\t\t\t<div class=\"tb-column-inner tf_box tf_w\">\n\t\t\t\t<!-- module post -->\n<div  class=\"module module-post tb_756y833 \">\n    <h3 class=\"module-title\">Reportages des Festivals<\/h3>    <div  class=\"builder-posts-wrap loops-wrapper list-post tf_clear tf_clearfix\" data-lazy=\"1\">\n\t\n<div id=\"post-45398\" class=\"post tf_clearfix cat-58 post-45398 type-post status-publish format-standard has-post-thumbnail hentry category-reportage-festival tag-festival tag-festival-mythos tag-jay-jay-johanson tag-rennes tag-trip-hop has-post-title has-post-date has-post-category has-post-tag has-post-comment has-post-author \">\n\t\n\t\t\t\t<figure class=\"post-image tf_clearfix\">\n\t\t\t    \t\t\t\t\t\t\t\t<a href=\"https:\/\/lamagicbox.com\/magazine\/jay-jay-johanson-festival-mythos-10-04-26-rennes-35\/\">\n\t\t\t\t\t\t\t\t<img loading=\"lazy\" decoding=\"async\" width=\"950\" height=\"300\" src=\"https:\/\/lamagicbox.com\/magazine\/wp-content\/uploads\/2026\/04\/jayjayjohanson-2026-010-950.jpg\" class=\"wp-post-image wp-image-45414\" title=\"jayjayjohanson-2026-010-950\" alt=\"Jay Jay Johanson\" srcset=\"https:\/\/lamagicbox.com\/magazine\/wp-content\/uploads\/2026\/04\/jayjayjohanson-2026-010-950.jpg 950w, https:\/\/lamagicbox.com\/magazine\/wp-content\/uploads\/2026\/04\/jayjayjohanson-2026-010-950-300x95.jpg 300w, https:\/\/lamagicbox.com\/magazine\/wp-content\/uploads\/2026\/04\/jayjayjohanson-2026-010-950-500x158.jpg 500w\" sizes=\"auto, (max-width: 950px) 100vw, 950px\" \/>\t\t\t\t\t\t\t\t    \t\t\t\t<\/a>\n\t\t\t\t\t\t\t    \t\t\t<\/figure>\n\t\t\t\n\t<div class=\"post-content\">\n\t\t\t\t\t<p class=\"post-date entry-date updated\">\n\t\t\t\t<span class=\"month\">Avr<\/span>\n\t\t\t\t<span class=\"day\">10<\/span>\n\t\t\t\t<span class=\"year\">2026<\/span>\n\t\t\t<\/p>\n\t\t\n\t\t\t<h2 class=\"post-title entry-title\"><a href=\"https:\/\/lamagicbox.com\/magazine\/jay-jay-johanson-festival-mythos-10-04-26-rennes-35\/\">Jay Jay Johanson au Festival Mythos &#8211; Rennes (35)<\/a><\/h2>\n\t\t\t<div class=\"entry-content\">\n\n        \n\t\t<p>FESTIVAL\u00a0MYTHOS\u00a0 2026 JAY JAY JOHANSON Date : 10 avril 2026Salle : Le Cabaret BotaniqueLieu : Bretagne, Rennes (35) . Par\u00a0Mike S. Vendredi soir, le Cabaret Botanique du parc du Thabor s\u2019est transform\u00e9 en bulle hors du temps. Plus de 500 personnes se sont r\u00e9unies sous le chapiteau de bois, baign\u00e9es par une lumi\u00e8re de fin [&hellip;]<\/p>\n\n\t\t\n\t\t    <p><a href=\"https:\/\/lamagicbox.com\/magazine\/jay-jay-johanson-festival-mythos-10-04-26-rennes-35\/\" class=\"more-link\">Lire la suite<\/a><\/p>\n\n\t\t\n\t    \n\t<\/div><!-- \/.entry-content -->\n\t\n\t\t\t\t\t<p class=\"post-meta entry-meta\">\n\t\t\t\t<span class=\"post-author\">By <span class=\"author vcard\"><a class=\"url fn n\" href=\"https:\/\/lamagicbox.com\/magazine\/author\/lamagicboxlaposte-net\/\" rel=\"author\">Mike S.<\/a><\/span>  &bull;<\/span>\n\t\t\t\t<span class=\"post-category\"><a href=\"https:\/\/lamagicbox.com\/magazine\/category\/reportages\/reportage-festival\/\" rel=\"tag\" class=\"term-reportage-festival\">Reportage Festival<\/a><\/span>\t\t\t\t        <span class=\"post-comment\">\n\t       <a href=\"https:\/\/lamagicbox.com\/magazine\/jay-jay-johanson-festival-mythos-10-04-26-rennes-35\/#respond\">0<\/a>\t    <\/span>\n\t\t\n\t\t\t\t <span class=\"post-tag\">&bull; Tags: <a href=\"https:\/\/lamagicbox.com\/magazine\/tag\/festival\/\" rel=\"tag\">Festival<\/a>, <a href=\"https:\/\/lamagicbox.com\/magazine\/tag\/festival-mythos\/\" rel=\"tag\">Festival Mythos<\/a>, <a href=\"https:\/\/lamagicbox.com\/magazine\/tag\/jay-jay-johanson\/\" rel=\"tag\">Jay Jay Johanson<\/a>, <a href=\"https:\/\/lamagicbox.com\/magazine\/tag\/rennes\/\" rel=\"tag\">Rennes<\/a>, <a href=\"https:\/\/lamagicbox.com\/magazine\/tag\/trip-hop\/\" rel=\"tag\">Trip Hop<\/a><\/span>\t\t\t<\/p>\n\t\t\n\n\t<\/div>\n\t<!-- \/.post-content -->\n\n    <\/div>\n<!--\/post -->\n\n<div id=\"post-44969\" class=\"post tf_clearfix cat-58 post-44969 type-post status-publish format-standard has-post-thumbnail hentry category-reportage-festival tag-chaton-laveur tag-deefait tag-humour tag-jehnny-beth tag-la-nouvelle-vague tag-la-route-du-rock tag-le-roy-se-meurt tag-saint-malo-2 tag-shortstraw tag-spill-gold tag-stereolab has-post-title has-post-date has-post-category has-post-tag has-post-comment has-post-author \">\n\t\n\t\t\t\t<figure class=\"post-image tf_clearfix\">\n\t\t\t    \t\t\t\t\t\t\t\t<a href=\"https:\/\/lamagicbox.com\/magazine\/la-route-du-rock-collection-hiver-2026-la-nouvelle-vague-saint-malo-35\/\">\n\t\t\t\t\t\t\t\t<img loading=\"lazy\" decoding=\"async\" width=\"950\" height=\"299\" src=\"https:\/\/lamagicbox.com\/magazine\/wp-content\/uploads\/2026\/03\/stereolab-950.jpg\" class=\"wp-post-image wp-image-45099\" title=\"stereolab-950\" alt=\"stereolab-950\" srcset=\"https:\/\/lamagicbox.com\/magazine\/wp-content\/uploads\/2026\/03\/stereolab-950.jpg 950w, https:\/\/lamagicbox.com\/magazine\/wp-content\/uploads\/2026\/03\/stereolab-950-300x94.jpg 300w, https:\/\/lamagicbox.com\/magazine\/wp-content\/uploads\/2026\/03\/stereolab-950-500x157.jpg 500w\" sizes=\"auto, (max-width: 950px) 100vw, 950px\" \/>\t\t\t\t\t\t\t\t    \t\t\t\t<\/a>\n\t\t\t\t\t\t\t    \t\t\t<\/figure>\n\t\t\t\n\t<div class=\"post-content\">\n\t\t\t\t\t<p class=\"post-date entry-date updated\">\n\t\t\t\t<span class=\"month\">Mar<\/span>\n\t\t\t\t<span class=\"day\">7<\/span>\n\t\t\t\t<span class=\"year\">2026<\/span>\n\t\t\t<\/p>\n\t\t\n\t\t\t<h2 class=\"post-title entry-title\"><a href=\"https:\/\/lamagicbox.com\/magazine\/la-route-du-rock-collection-hiver-2026-la-nouvelle-vague-saint-malo-35\/\">La Route du Rock \u2013 Collection Hiver 2026 \u2013 La Nouvelle Vague \u2013 Saint-Malo (35)<\/a><\/h2>\n\t\t\t<div class=\"entry-content\">\n\n        \n\t\t\n\t\t\n\t\t    <p><a href=\"https:\/\/lamagicbox.com\/magazine\/la-route-du-rock-collection-hiver-2026-la-nouvelle-vague-saint-malo-35\/\" class=\"more-link\">Lire la suite<\/a><\/p>\n\n\t\t\n\t    \n\t<\/div><!-- \/.entry-content -->\n\t\n\t\t\t\t\t<p class=\"post-meta entry-meta\">\n\t\t\t\t<span class=\"post-author\">By <span class=\"author vcard\"><a class=\"url fn n\" href=\"https:\/\/lamagicbox.com\/magazine\/author\/lamagicboxlaposte-net\/\" rel=\"author\">Mike S.<\/a><\/span>  &bull;<\/span>\n\t\t\t\t<span class=\"post-category\"><a href=\"https:\/\/lamagicbox.com\/magazine\/category\/reportages\/reportage-festival\/\" rel=\"tag\" class=\"term-reportage-festival\">Reportage Festival<\/a><\/span>\t\t\t\t\n\t\t\t\t <span class=\"post-tag\">&bull; Tags: <a href=\"https:\/\/lamagicbox.com\/magazine\/tag\/chaton-laveur\/\" rel=\"tag\">Chaton Laveur<\/a>, <a href=\"https:\/\/lamagicbox.com\/magazine\/tag\/deefait\/\" rel=\"tag\">D\u00e9\u00e9fait<\/a>, <a href=\"https:\/\/lamagicbox.com\/magazine\/tag\/humour\/\" rel=\"tag\">Humour<\/a>, <a href=\"https:\/\/lamagicbox.com\/magazine\/tag\/jehnny-beth\/\" rel=\"tag\">Jehnny Beth<\/a>, <a href=\"https:\/\/lamagicbox.com\/magazine\/tag\/la-nouvelle-vague\/\" rel=\"tag\">La Nouvelle Vague<\/a>, <a href=\"https:\/\/lamagicbox.com\/magazine\/tag\/la-route-du-rock\/\" rel=\"tag\">La Route du Rock<\/a>, <a href=\"https:\/\/lamagicbox.com\/magazine\/tag\/le-roy-se-meurt\/\" rel=\"tag\">Le Roy se meurt<\/a>, <a href=\"https:\/\/lamagicbox.com\/magazine\/tag\/saint-malo-2\/\" rel=\"tag\">Saint Malo<\/a>, <a href=\"https:\/\/lamagicbox.com\/magazine\/tag\/shortstraw\/\" rel=\"tag\">shortstraw.<\/a>, <a href=\"https:\/\/lamagicbox.com\/magazine\/tag\/spill-gold\/\" rel=\"tag\">Spill Gold<\/a>, <a href=\"https:\/\/lamagicbox.com\/magazine\/tag\/stereolab\/\" rel=\"tag\">Stereolab<\/a><\/span>\t\t\t<\/p>\n\t\t\n\n\t<\/div>\n\t<!-- \/.post-content -->\n\n    <\/div>\n<!--\/post -->\n\n<div id=\"post-44097\" class=\"post tf_clearfix cat-58 cat-53 post-44097 type-post status-publish format-standard has-post-thumbnail hentry category-reportage-festival category-reportages tag-death-decline tag-les-fuseaux tag-lezardos-metal-fest tag-overdrivers tag-saint-dizier tag-the-soul-of-bushido tag-ultra-vomit has-post-title has-post-date has-post-category has-post-tag has-post-comment has-post-author \">\n\t\n\t\t\t\t<figure class=\"post-image tf_clearfix\">\n\t\t\t    \t\t\t\t\t\t\t\t<a href=\"https:\/\/lamagicbox.com\/magazine\/lezardos-metal-fest-2025-les-fuseaux-a-saint-dizier-52\/\">\n\t\t\t\t\t\t\t\t<img loading=\"lazy\" decoding=\"async\" width=\"950\" height=\"300\" src=\"https:\/\/lamagicbox.com\/magazine\/wp-content\/uploads\/2025\/11\/LezardOs-Metal-Fest-2025-banniere.jpg\" class=\"wp-post-image wp-image-44101\" title=\"Lezard&#039;Os Metal Fest 2025 (banni\u00e8re)\" alt=\"Lezard&#039;Os Metal Fest 2025 (banni\u00e8re)\" srcset=\"https:\/\/lamagicbox.com\/magazine\/wp-content\/uploads\/2025\/11\/LezardOs-Metal-Fest-2025-banniere.jpg 950w, https:\/\/lamagicbox.com\/magazine\/wp-content\/uploads\/2025\/11\/LezardOs-Metal-Fest-2025-banniere-300x95.jpg 300w, https:\/\/lamagicbox.com\/magazine\/wp-content\/uploads\/2025\/11\/LezardOs-Metal-Fest-2025-banniere-500x158.jpg 500w\" sizes=\"auto, (max-width: 950px) 100vw, 950px\" \/>\t\t\t\t\t\t\t\t    \t\t\t\t<\/a>\n\t\t\t\t\t\t\t    \t\t\t<\/figure>\n\t\t\t\n\t<div class=\"post-content\">\n\t\t\t\t\t<p class=\"post-date entry-date updated\">\n\t\t\t\t<span class=\"month\">Nov<\/span>\n\t\t\t\t<span class=\"day\">21<\/span>\n\t\t\t\t<span class=\"year\">2025<\/span>\n\t\t\t<\/p>\n\t\t\n\t\t\t<h2 class=\"post-title entry-title\"><a href=\"https:\/\/lamagicbox.com\/magazine\/lezardos-metal-fest-2025-les-fuseaux-a-saint-dizier-52\/\">Lezard&rsquo;Os Metal Fest 2025 &#8211; Les Fuseaux &#8211; Saint-Dizier (52)<\/a><\/h2>\n\t\t\t<div class=\"entry-content\">\n\n        \n\t\t<p>Lezard&rsquo;Os Metal Fest \/ Le 21 Novembre 2025 \/ Saint-Dizier (52) \/ Notre avis : 5\/5. Pour cette nouvelle \u00e9dition, le Lezard\u2019Os Metal Fest a fait le plein aux Fuseaux de Saint-Dizier avec une affiche aussi explosive que vari\u00e9e. Crossover, death metal, hard rock et humour metal se sont relay\u00e9s pour une soir\u00e9e intense, furieuse, [&hellip;]<\/p>\n\n\t\t\n\t\t    <p><a href=\"https:\/\/lamagicbox.com\/magazine\/lezardos-metal-fest-2025-les-fuseaux-a-saint-dizier-52\/\" class=\"more-link\">Lire la suite<\/a><\/p>\n\n\t\t\n\t    \n\t<\/div><!-- \/.entry-content -->\n\t\n\t\t\t\t\t<p class=\"post-meta entry-meta\">\n\t\t\t\t<span class=\"post-author\">By <span class=\"author vcard\"><a class=\"url fn n\" href=\"https:\/\/lamagicbox.com\/magazine\/author\/fabrice-a\/\" rel=\"author\">Fabrice A.<\/a><\/span>  &bull;<\/span>\n\t\t\t\t<span class=\"post-category\"><a href=\"https:\/\/lamagicbox.com\/magazine\/category\/reportages\/reportage-festival\/\" rel=\"tag\" class=\"term-reportage-festival\">Reportage Festival<\/a>, <a href=\"https:\/\/lamagicbox.com\/magazine\/category\/reportages\/\" rel=\"tag\" class=\"term-reportages\">Reportages<\/a><\/span>\t\t\t\t\n\t\t\t\t <span class=\"post-tag\">&bull; Tags: <a href=\"https:\/\/lamagicbox.com\/magazine\/tag\/death-decline\/\" rel=\"tag\">Death Decline<\/a>, <a href=\"https:\/\/lamagicbox.com\/magazine\/tag\/les-fuseaux\/\" rel=\"tag\">Les Fuseaux<\/a>, <a href=\"https:\/\/lamagicbox.com\/magazine\/tag\/lezardos-metal-fest\/\" rel=\"tag\">Lezard'Os Metal Fest<\/a>, <a href=\"https:\/\/lamagicbox.com\/magazine\/tag\/overdrivers\/\" rel=\"tag\">Overdrivers<\/a>, <a href=\"https:\/\/lamagicbox.com\/magazine\/tag\/saint-dizier\/\" rel=\"tag\">Saint-Dizier<\/a>, <a href=\"https:\/\/lamagicbox.com\/magazine\/tag\/the-soul-of-bushido\/\" rel=\"tag\">The Soul Of Bushido<\/a>, <a href=\"https:\/\/lamagicbox.com\/magazine\/tag\/ultra-vomit\/\" rel=\"tag\">Ultra Vomit<\/a><\/span>\t\t\t<\/p>\n\t\t\n\n\t<\/div>\n\t<!-- \/.post-content -->\n\n    <\/div>\n<!--\/post -->\n\n<div id=\"post-43849\" class=\"post tf_clearfix cat-58 cat-53 post-43849 type-post status-publish format-standard has-post-thumbnail hentry category-reportage-festival category-reportages tag-igorrr tag-imperial-triumphant tag-lautre-canal tag-master-boot-record tag-nancy tag-nancy-jazz-pulsations tag-njp has-post-title has-post-date has-post-category has-post-tag has-post-comment has-post-author \">\n\t\n\t\t\t\t<figure class=\"post-image tf_clearfix\">\n\t\t\t    \t\t\t\t\t\t\t\t<a href=\"https:\/\/lamagicbox.com\/magazine\/igorrr-master-boot-record-imperial-triumphant-a-lautre-canal-nancy-54\/\">\n\t\t\t\t\t\t\t\t<img loading=\"lazy\" decoding=\"async\" width=\"950\" height=\"300\" src=\"https:\/\/lamagicbox.com\/magazine\/wp-content\/uploads\/2025\/10\/Igorrr-banniere-2025.jpg\" class=\"wp-post-image wp-image-43852\" title=\"Igorrr (banni\u00e8re 2025)\" alt=\"Igorrr (banni\u00e8re 2025)\" srcset=\"https:\/\/lamagicbox.com\/magazine\/wp-content\/uploads\/2025\/10\/Igorrr-banniere-2025.jpg 950w, https:\/\/lamagicbox.com\/magazine\/wp-content\/uploads\/2025\/10\/Igorrr-banniere-2025-300x95.jpg 300w, https:\/\/lamagicbox.com\/magazine\/wp-content\/uploads\/2025\/10\/Igorrr-banniere-2025-500x158.jpg 500w\" sizes=\"auto, (max-width: 950px) 100vw, 950px\" \/>\t\t\t\t\t\t\t\t    \t\t\t\t<\/a>\n\t\t\t\t\t\t\t    \t\t\t<\/figure>\n\t\t\t\n\t<div class=\"post-content\">\n\t\t\t\t\t<p class=\"post-date entry-date updated\">\n\t\t\t\t<span class=\"month\">Oct<\/span>\n\t\t\t\t<span class=\"day\">15<\/span>\n\t\t\t\t<span class=\"year\">2025<\/span>\n\t\t\t<\/p>\n\t\t\n\t\t\t<h2 class=\"post-title entry-title\"><a href=\"https:\/\/lamagicbox.com\/magazine\/igorrr-master-boot-record-imperial-triumphant-a-lautre-canal-nancy-54\/\">Igorrr + Master Boot Record + Imperial Triumphant \u00e0 L&rsquo;Autre Canal &#8211; Nancy (54)<\/a><\/h2>\n\t\t\t<div class=\"entry-content\">\n\n        \n\t\t<p>L&rsquo;Autre Canal \/ Igorrr + Master Boot Record + Imperial Triumphant \/ Le 15 Octobre 2025 \u2013 Nancy (54) \/ Notre avis : 5\/5. L\u2019Autre Canal s\u2019est transform\u00e9 en laboratoire sonore hors normes \u00e0 l\u2019occasion du Festival Nancy Jazz Pulsations. Loin des cadences swing ou funk habituellement associ\u00e9es \u00e0 l\u2019\u00e9v\u00e9nement, la salle accueillait une affiche [&hellip;]<\/p>\n\n\t\t\n\t\t    <p><a href=\"https:\/\/lamagicbox.com\/magazine\/igorrr-master-boot-record-imperial-triumphant-a-lautre-canal-nancy-54\/\" class=\"more-link\">Lire la suite<\/a><\/p>\n\n\t\t\n\t    \n\t<\/div><!-- \/.entry-content -->\n\t\n\t\t\t\t\t<p class=\"post-meta entry-meta\">\n\t\t\t\t<span class=\"post-author\">By <span class=\"author vcard\"><a class=\"url fn n\" href=\"https:\/\/lamagicbox.com\/magazine\/author\/fabrice-a\/\" rel=\"author\">Fabrice A.<\/a><\/span>  &bull;<\/span>\n\t\t\t\t<span class=\"post-category\"><a href=\"https:\/\/lamagicbox.com\/magazine\/category\/reportages\/reportage-festival\/\" rel=\"tag\" class=\"term-reportage-festival\">Reportage Festival<\/a>, <a href=\"https:\/\/lamagicbox.com\/magazine\/category\/reportages\/\" rel=\"tag\" class=\"term-reportages\">Reportages<\/a><\/span>\t\t\t\t\n\t\t\t\t <span class=\"post-tag\">&bull; Tags: <a href=\"https:\/\/lamagicbox.com\/magazine\/tag\/igorrr\/\" rel=\"tag\">Igorrr<\/a>, <a href=\"https:\/\/lamagicbox.com\/magazine\/tag\/imperial-triumphant\/\" rel=\"tag\">Imperial Triumphant<\/a>, <a href=\"https:\/\/lamagicbox.com\/magazine\/tag\/lautre-canal\/\" rel=\"tag\">L'Autre Canal<\/a>, <a href=\"https:\/\/lamagicbox.com\/magazine\/tag\/master-boot-record\/\" rel=\"tag\">Master Boot Record<\/a>, <a href=\"https:\/\/lamagicbox.com\/magazine\/tag\/nancy\/\" rel=\"tag\">Nancy<\/a>, <a href=\"https:\/\/lamagicbox.com\/magazine\/tag\/nancy-jazz-pulsations\/\" rel=\"tag\">Nancy Jazz Pulsations<\/a>, <a href=\"https:\/\/lamagicbox.com\/magazine\/tag\/njp\/\" rel=\"tag\">NJP<\/a><\/span>\t\t\t<\/p>\n\t\t\n\n\t<\/div>\n\t<!-- \/.post-content -->\n\n    <\/div>\n<!--\/post -->\n\n<div id=\"post-43673\" class=\"post tf_clearfix cat-58 cat-53 post-43673 type-post status-publish format-standard has-post-thumbnail hentry category-reportage-festival category-reportages tag-deportivo tag-punches tag-rockn-bock tag-rockn-child tag-shaker-poisson tag-treaks has-post-title has-post-date has-post-category has-post-tag has-post-comment has-post-author \">\n\t\n\t\t\t\t<figure class=\"post-image tf_clearfix\">\n\t\t\t    \t\t\t\t\t\t\t\t<a href=\"https:\/\/lamagicbox.com\/magazine\/rockn-bock-2025-maxeville-54\/\">\n\t\t\t\t\t\t\t\t<img loading=\"lazy\" decoding=\"async\" width=\"950\" height=\"300\" src=\"https:\/\/lamagicbox.com\/magazine\/wp-content\/uploads\/2025\/09\/Deportivo-banniere-2025.jpg\" class=\"wp-post-image wp-image-43675\" title=\"D\u00e9portivo (banni\u00e8re 2025)\" alt=\"D\u00e9portivo (banni\u00e8re 2025)\" srcset=\"https:\/\/lamagicbox.com\/magazine\/wp-content\/uploads\/2025\/09\/Deportivo-banniere-2025.jpg 950w, https:\/\/lamagicbox.com\/magazine\/wp-content\/uploads\/2025\/09\/Deportivo-banniere-2025-300x95.jpg 300w, https:\/\/lamagicbox.com\/magazine\/wp-content\/uploads\/2025\/09\/Deportivo-banniere-2025-500x158.jpg 500w\" sizes=\"auto, (max-width: 950px) 100vw, 950px\" \/>\t\t\t\t\t\t\t\t    \t\t\t\t<\/a>\n\t\t\t\t\t\t\t    \t\t\t<\/figure>\n\t\t\t\n\t<div class=\"post-content\">\n\t\t\t\t\t<p class=\"post-date entry-date updated\">\n\t\t\t\t<span class=\"month\">Sep<\/span>\n\t\t\t\t<span class=\"day\">13<\/span>\n\t\t\t\t<span class=\"year\">2025<\/span>\n\t\t\t<\/p>\n\t\t\n\t\t\t<h2 class=\"post-title entry-title\"><a href=\"https:\/\/lamagicbox.com\/magazine\/rockn-bock-2025-maxeville-54\/\">Rock&rsquo;N Bock 2025 &#8211; Max\u00e9ville (54)<\/a><\/h2>\n\t\t\t<div class=\"entry-content\">\n\n        \n\t\t<p>Rock&rsquo;N Bock \/ Le 13 Septembre 2025 \/ Max\u00e9ville (54) \/ Notre avis : 5\/5. Le Rock\u2019N Bock #9 a tenu toutes ses promesses ! Entre riffs satur\u00e9s et mousses g\u00e9n\u00e9reuses, le festival a su, une fois encore, conjuguer rock et bi\u00e8re dans une ambiance aussi festive que conviviale. Familles, puristes et simples curieux se [&hellip;]<\/p>\n\n\t\t\n\t\t    <p><a href=\"https:\/\/lamagicbox.com\/magazine\/rockn-bock-2025-maxeville-54\/\" class=\"more-link\">Lire la suite<\/a><\/p>\n\n\t\t\n\t    \n\t<\/div><!-- \/.entry-content -->\n\t\n\t\t\t\t\t<p class=\"post-meta entry-meta\">\n\t\t\t\t<span class=\"post-author\">By <span class=\"author vcard\"><a class=\"url fn n\" href=\"https:\/\/lamagicbox.com\/magazine\/author\/fabrice-a\/\" rel=\"author\">Fabrice A.<\/a><\/span>  &bull;<\/span>\n\t\t\t\t<span class=\"post-category\"><a href=\"https:\/\/lamagicbox.com\/magazine\/category\/reportages\/reportage-festival\/\" rel=\"tag\" class=\"term-reportage-festival\">Reportage Festival<\/a>, <a href=\"https:\/\/lamagicbox.com\/magazine\/category\/reportages\/\" rel=\"tag\" class=\"term-reportages\">Reportages<\/a><\/span>\t\t\t\t\n\t\t\t\t <span class=\"post-tag\">&bull; Tags: <a href=\"https:\/\/lamagicbox.com\/magazine\/tag\/deportivo\/\" rel=\"tag\">Deportivo<\/a>, <a href=\"https:\/\/lamagicbox.com\/magazine\/tag\/punches\/\" rel=\"tag\">Punches<\/a>, <a href=\"https:\/\/lamagicbox.com\/magazine\/tag\/rockn-bock\/\" rel=\"tag\">Rock'N Bock<\/a>, <a href=\"https:\/\/lamagicbox.com\/magazine\/tag\/rockn-child\/\" rel=\"tag\">Rock'N Child<\/a>, <a href=\"https:\/\/lamagicbox.com\/magazine\/tag\/shaker-poisson\/\" rel=\"tag\">Shaker Poisson<\/a>, <a href=\"https:\/\/lamagicbox.com\/magazine\/tag\/treaks\/\" rel=\"tag\">Treaks<\/a><\/span>\t\t\t<\/p>\n\t\t\n\n\t<\/div>\n\t<!-- \/.post-content -->\n\n    <\/div>\n<!--\/post -->\n\n<div id=\"post-43662\" class=\"post tf_clearfix cat-58 cat-53 post-43662 type-post status-publish format-standard has-post-thumbnail hentry category-reportage-festival category-reportages tag-debut-de-soiree tag-images tag-jean-pierre-mader tag-la-folie-des-annees-80 tag-mario-ramsamy tag-patrick-hernandez tag-verdun tag-verdun-expo tag-william-picard has-post-title has-post-date has-post-category has-post-tag has-post-comment has-post-author \">\n\t\n\t\t\t\t<figure class=\"post-image tf_clearfix\">\n\t\t\t    \t\t\t\t\t\t\t\t<a href=\"https:\/\/lamagicbox.com\/magazine\/mario-ramsamy-images-la-folie-des-annees-80-verdun-expo-verdun-55\/\">\n\t\t\t\t\t\t\t\t<img loading=\"lazy\" decoding=\"async\" width=\"950\" height=\"300\" src=\"https:\/\/lamagicbox.com\/magazine\/wp-content\/uploads\/2025\/09\/La-Folie-Des-Annees-80-banniere-Verdun-Expo-2025.jpg\" class=\"wp-post-image wp-image-43663\" title=\"La Folie Des Ann\u00e9es 80 (banni\u00e8re Verdun Expo 2025)\" alt=\"La Folie Des Ann\u00e9es 80 (banni\u00e8re Verdun Expo 2025)\" srcset=\"https:\/\/lamagicbox.com\/magazine\/wp-content\/uploads\/2025\/09\/La-Folie-Des-Annees-80-banniere-Verdun-Expo-2025.jpg 950w, https:\/\/lamagicbox.com\/magazine\/wp-content\/uploads\/2025\/09\/La-Folie-Des-Annees-80-banniere-Verdun-Expo-2025-300x95.jpg 300w, https:\/\/lamagicbox.com\/magazine\/wp-content\/uploads\/2025\/09\/La-Folie-Des-Annees-80-banniere-Verdun-Expo-2025-500x158.jpg 500w\" sizes=\"auto, (max-width: 950px) 100vw, 950px\" \/>\t\t\t\t\t\t\t\t    \t\t\t\t<\/a>\n\t\t\t\t\t\t\t    \t\t\t<\/figure>\n\t\t\t\n\t<div class=\"post-content\">\n\t\t\t\t\t<p class=\"post-date entry-date updated\">\n\t\t\t\t<span class=\"month\">Sep<\/span>\n\t\t\t\t<span class=\"day\">11<\/span>\n\t\t\t\t<span class=\"year\">2025<\/span>\n\t\t\t<\/p>\n\t\t\n\t\t\t<h2 class=\"post-title entry-title\"><a href=\"https:\/\/lamagicbox.com\/magazine\/mario-ramsamy-images-la-folie-des-annees-80-verdun-expo-verdun-55\/\">Mario Ramsamy (Images) + La Folie Des Ann\u00e9es 80 &#8211; Verdun Expo &#8211; Verdun (55)<\/a><\/h2>\n\t\t\t<div class=\"entry-content\">\n\n        \n\t\t<p>Verdun Expo \/ Mario Ramsamy\u00a0+ La Folie Des Ann\u00e9es 80 \/ Le 11 Septembre 2025 \u2013 Verdun (55) \/ Notre avis : 5\/5. Verdun Expo s\u2019est transform\u00e9 en machine \u00e0 remonter le temps, vibrant au son des tubes intemporels des ann\u00e9es 80 avec Mario Ramsamy et La Folie Des Ann\u00e9es 80. Devant un public venu [&hellip;]<\/p>\n\n\t\t\n\t\t    <p><a href=\"https:\/\/lamagicbox.com\/magazine\/mario-ramsamy-images-la-folie-des-annees-80-verdun-expo-verdun-55\/\" class=\"more-link\">Lire la suite<\/a><\/p>\n\n\t\t\n\t    \n\t<\/div><!-- \/.entry-content -->\n\t\n\t\t\t\t\t<p class=\"post-meta entry-meta\">\n\t\t\t\t<span class=\"post-author\">By <span class=\"author vcard\"><a class=\"url fn n\" href=\"https:\/\/lamagicbox.com\/magazine\/author\/fabrice-a\/\" rel=\"author\">Fabrice A.<\/a><\/span>  &bull;<\/span>\n\t\t\t\t<span class=\"post-category\"><a href=\"https:\/\/lamagicbox.com\/magazine\/category\/reportages\/reportage-festival\/\" rel=\"tag\" class=\"term-reportage-festival\">Reportage Festival<\/a>, <a href=\"https:\/\/lamagicbox.com\/magazine\/category\/reportages\/\" rel=\"tag\" class=\"term-reportages\">Reportages<\/a><\/span>\t\t\t\t\n\t\t\t\t <span class=\"post-tag\">&bull; Tags: <a href=\"https:\/\/lamagicbox.com\/magazine\/tag\/debut-de-soiree\/\" rel=\"tag\">D\u00e9but De Soir\u00e9e<\/a>, <a href=\"https:\/\/lamagicbox.com\/magazine\/tag\/images\/\" rel=\"tag\">Images<\/a>, <a href=\"https:\/\/lamagicbox.com\/magazine\/tag\/jean-pierre-mader\/\" rel=\"tag\">Jean-Pierre Mader<\/a>, <a href=\"https:\/\/lamagicbox.com\/magazine\/tag\/la-folie-des-annees-80\/\" rel=\"tag\">La Folie Des Ann\u00e9es 80<\/a>, <a href=\"https:\/\/lamagicbox.com\/magazine\/tag\/mario-ramsamy\/\" rel=\"tag\">Mario Ramsamy<\/a>, <a href=\"https:\/\/lamagicbox.com\/magazine\/tag\/patrick-hernandez\/\" rel=\"tag\">Patrick Hernandez<\/a>, <a href=\"https:\/\/lamagicbox.com\/magazine\/tag\/verdun\/\" rel=\"tag\">Verdun<\/a>, <a href=\"https:\/\/lamagicbox.com\/magazine\/tag\/verdun-expo\/\" rel=\"tag\">Verdun Expo<\/a>, <a href=\"https:\/\/lamagicbox.com\/magazine\/tag\/william-picard\/\" rel=\"tag\">William Picard<\/a><\/span>\t\t\t<\/p>\n\t\t\n\n\t<\/div>\n\t<!-- \/.post-content -->\n\n    <\/div>\n<!--\/post -->\n<\/div><!-- .builder-posts-wrap -->\n            <link rel=\"prefetch\" as=\"document\" href=\"https:\/\/lamagicbox.com\/magazine\/wp-json\/wp\/v2\/pages\/1785\/page\/2\/\"\/><div class=\"pagenav tf_clear tf_box tf_textr tf_clearfix \"> <span class=\"number current\">1<\/span> <a href=\"https:\/\/lamagicbox.com\/magazine\/wp-json\/wp\/v2\/pages\/1785\/page\/2\/\" class=\"number\">2<\/a> <a href=\"https:\/\/lamagicbox.com\/magazine\/wp-json\/wp\/v2\/pages\/1785\/page\/3\/\" class=\"number\">3<\/a> <a href=\"https:\/\/lamagicbox.com\/magazine\/wp-json\/wp\/v2\/pages\/1785\/page\/4\/\" class=\"number\">4<\/a><a href=\"https:\/\/lamagicbox.com\/magazine\/wp-json\/wp\/v2\/pages\/1785\/page\/2\/\"  class=\"number nextp\">&rsaquo;<\/a><a href=\"https:\/\/lamagicbox.com\/magazine\/wp-json\/wp\/v2\/pages\/1785\/page\/37\/\" title=\"&raquo;\" class=\"number lastp\">&raquo;<\/a><\/div>        <\/div>\n    <!-- \/module post -->\n\t\t\t\t<\/div><!-- .tb-column-inner -->\n\t\t\t\t\t\t<\/div><!-- .module_column -->\n\t\t\t\t\t\t<\/div><!-- .row_inner -->\n\t\t<\/div><!-- .module_row -->\n\t\t\t\t<\/div>\n<!--\/themify_builder_content-->","protected":false},"excerpt":{"rendered":"<p>Comptes-rendus des festivals vus par les reporters de La Magic Box<\/p>\n","protected":false},"author":1,"featured_media":0,"parent":2667,"menu_order":2,"comment_status":"closed","ping_status":"closed","template":"","meta":{"footnotes":""},"class_list":["post-1785","page","type-page","status-publish","hentry","has-post-title","has-post-date","has-post-category","has-post-tag","has-post-comment","has-post-author",""],"builder_content":"","_links":{"self":[{"href":"https:\/\/lamagicbox.com\/magazine\/wp-json\/wp\/v2\/pages\/1785","targetHints":{"allow":["GET"]}}],"collection":[{"href":"https:\/\/lamagicbox.com\/magazine\/wp-json\/wp\/v2\/pages"}],"about":[{"href":"https:\/\/lamagicbox.com\/magazine\/wp-json\/wp\/v2\/types\/page"}],"author":[{"embeddable":true,"href":"https:\/\/lamagicbox.com\/magazine\/wp-json\/wp\/v2\/users\/1"}],"replies":[{"embeddable":true,"href":"https:\/\/lamagicbox.com\/magazine\/wp-json\/wp\/v2\/comments?post=1785"}],"version-history":[{"count":0,"href":"https:\/\/lamagicbox.com\/magazine\/wp-json\/wp\/v2\/pages\/1785\/revisions"}],"up":[{"embeddable":true,"href":"https:\/\/lamagicbox.com\/magazine\/wp-json\/wp\/v2\/pages\/2667"}],"wp:attachment":[{"href":"https:\/\/lamagicbox.com\/magazine\/wp-json\/wp\/v2\/media?parent=1785"}],"curies":[{"name":"wp","href":"https:\/\/api.w.org\/{rel}","templated":true}]}}